{"id":156,"date":"2019-12-16T18:26:17","date_gmt":"2019-12-16T17:26:17","guid":{"rendered":"https:\/\/tennis-egly.fr\/?page_id=156"},"modified":"2024-11-17T19:12:30","modified_gmt":"2024-11-17T18:12:30","slug":"reserver-un-court","status":"publish","type":"page","link":"https:\/\/tennis-egly.fr\/index.php\/reserver-un-court\/","title":{"rendered":"R\u00e9server \/ Louer un terrain"},"content":{"rendered":"\n<div class=\"wp-block-group\"><div class=\"wp-block-group__inner-container is-layout-flow wp-block-group-is-layout-flow\">\n<div class=\"wp-block-group\"><div class=\"wp-block-group__inner-container is-layout-flow wp-block-group-is-layout-flow\">\n<p>Nos terrains sont accessibles \u00e0 nos adh\u00e9rents ou en location horaire (terrains ext\u00e9rieurs uniquement). Les r\u00e9servations doivent exclusivement \u00eatre r\u00e9alis\u00e9es \u00e0 partir de l&#8217;application Ten&#8217;up ( <a href=\"https:\/\/tenup.fft.fr\/\">https:\/\/tenup.fft.fr<\/a>)<\/p>\n\n\n\n<h3 class=\"wp-block-heading\">Pour nos adh\u00e9rents<\/h3>\n\n\n\n<p>Une fois connect\u00e9 \u00e0 votre espace Ten&#8217;up, vous avez directement acc\u00e8s au menu de r\u00e9servation des terrains (int\u00e9rieurs ou ext\u00e9rieurs). Les terrains sont r\u00e9servables sur des p\u00e9riodes de 7 jours glissants et vous pouvez effectuer jusqu&#8217;\u00e0 2 r\u00e9servations simultan\u00e9es avec un d\u00e9lai minimum de 4h entre deux r\u00e9servations.<\/p>\n\n\n\n<figure class=\"wp-block-image size-large\"><img data-recalc-dims=\"1\" loading=\"lazy\" decoding=\"async\" width=\"680\" height=\"106\" data-attachment-id=\"3059\" data-permalink=\"https:\/\/tennis-egly.fr\/index.php\/reserver-un-court\/image-2\/#main\" data-orig-file=\"https:\/\/i0.wp.com\/tennis-egly.fr\/tennis_uploads\/2024\/07\/image.png?fit=1208%2C189&amp;ssl=1\" data-orig-size=\"1208,189\" data-comments-opened=\"0\" data-image-meta=\"{&quot;aperture&quot;:&quot;0&quot;,&quot;credit&quot;:&quot;&quot;,&quot;camera&quot;:&quot;&quot;,&quot;caption&quot;:&quot;&quot;,&quot;created_timestamp&quot;:&quot;0&quot;,&quot;copyright&quot;:&quot;&quot;,&quot;focal_length&quot;:&quot;0&quot;,&quot;iso&quot;:&quot;0&quot;,&quot;shutter_speed&quot;:&quot;0&quot;,&quot;title&quot;:&quot;&quot;,&quot;orientation&quot;:&quot;0&quot;}\" data-image-title=\"image\" data-image-description=\"\" data-image-caption=\"\" data-large-file=\"https:\/\/i0.wp.com\/tennis-egly.fr\/tennis_uploads\/2024\/07\/image.png?fit=680%2C106&amp;ssl=1\" src=\"https:\/\/i0.wp.com\/tennis-egly.fr\/tennis_uploads\/2024\/07\/image.png?resize=680%2C106&#038;ssl=1\" alt=\"\" class=\"wp-image-3059\" srcset=\"https:\/\/i0.wp.com\/tennis-egly.fr\/tennis_uploads\/2024\/07\/image.png?resize=1024%2C160&amp;ssl=1 1024w, https:\/\/i0.wp.com\/tennis-egly.fr\/tennis_uploads\/2024\/07\/image.png?resize=300%2C47&amp;ssl=1 300w, https:\/\/i0.wp.com\/tennis-egly.fr\/tennis_uploads\/2024\/07\/image.png?resize=150%2C23&amp;ssl=1 150w, https:\/\/i0.wp.com\/tennis-egly.fr\/tennis_uploads\/2024\/07\/image.png?resize=768%2C120&amp;ssl=1 768w, https:\/\/i0.wp.com\/tennis-egly.fr\/tennis_uploads\/2024\/07\/image.png?w=1208&amp;ssl=1 1208w\" sizes=\"auto, (max-width: 680px) 100vw, 680px\" \/><\/figure>\n\n\n\n<figure class=\"wp-block-image size-large\"><img data-recalc-dims=\"1\" loading=\"lazy\" decoding=\"async\" width=\"680\" height=\"355\" data-attachment-id=\"3061\" data-permalink=\"https:\/\/tennis-egly.fr\/index.php\/reserver-un-court\/image-2-2\/#main\" data-orig-file=\"https:\/\/i0.wp.com\/tennis-egly.fr\/tennis_uploads\/2024\/07\/image-2.png?fit=1225%2C639&amp;ssl=1\" data-orig-size=\"1225,639\" data-comments-opened=\"0\" data-image-meta=\"{&quot;aperture&quot;:&quot;0&quot;,&quot;credit&quot;:&quot;&quot;,&quot;camera&quot;:&quot;&quot;,&quot;caption&quot;:&quot;&quot;,&quot;created_timestamp&quot;:&quot;0&quot;,&quot;copyright&quot;:&quot;&quot;,&quot;focal_length&quot;:&quot;0&quot;,&quot;iso&quot;:&quot;0&quot;,&quot;shutter_speed&quot;:&quot;0&quot;,&quot;title&quot;:&quot;&quot;,&quot;orientation&quot;:&quot;0&quot;}\" data-image-title=\"image-2\" data-image-description=\"\" data-image-caption=\"\" data-large-file=\"https:\/\/i0.wp.com\/tennis-egly.fr\/tennis_uploads\/2024\/07\/image-2.png?fit=680%2C355&amp;ssl=1\" src=\"https:\/\/i0.wp.com\/tennis-egly.fr\/tennis_uploads\/2024\/07\/image-2.png?resize=680%2C355&#038;ssl=1\" alt=\"\" class=\"wp-image-3061\" srcset=\"https:\/\/i0.wp.com\/tennis-egly.fr\/tennis_uploads\/2024\/07\/image-2.png?resize=1024%2C534&amp;ssl=1 1024w, https:\/\/i0.wp.com\/tennis-egly.fr\/tennis_uploads\/2024\/07\/image-2.png?resize=300%2C156&amp;ssl=1 300w, https:\/\/i0.wp.com\/tennis-egly.fr\/tennis_uploads\/2024\/07\/image-2.png?resize=150%2C78&amp;ssl=1 150w, https:\/\/i0.wp.com\/tennis-egly.fr\/tennis_uploads\/2024\/07\/image-2.png?resize=768%2C401&amp;ssl=1 768w, https:\/\/i0.wp.com\/tennis-egly.fr\/tennis_uploads\/2024\/07\/image-2.png?w=1225&amp;ssl=1 1225w\" sizes=\"auto, (max-width: 680px) 100vw, 680px\" \/><\/figure>\n\n\n\n<figure class=\"wp-block-image size-large\"><img data-recalc-dims=\"1\" loading=\"lazy\" decoding=\"async\" width=\"680\" height=\"404\" data-attachment-id=\"3064\" data-permalink=\"https:\/\/tennis-egly.fr\/index.php\/reserver-un-court\/image-5\/#main\" data-orig-file=\"https:\/\/i0.wp.com\/tennis-egly.fr\/tennis_uploads\/2024\/07\/image-5.png?fit=1242%2C739&amp;ssl=1\" data-orig-size=\"1242,739\" data-comments-opened=\"0\" data-image-meta=\"{&quot;aperture&quot;:&quot;0&quot;,&quot;credit&quot;:&quot;&quot;,&quot;camera&quot;:&quot;&quot;,&quot;caption&quot;:&quot;&quot;,&quot;created_timestamp&quot;:&quot;0&quot;,&quot;copyright&quot;:&quot;&quot;,&quot;focal_length&quot;:&quot;0&quot;,&quot;iso&quot;:&quot;0&quot;,&quot;shutter_speed&quot;:&quot;0&quot;,&quot;title&quot;:&quot;&quot;,&quot;orientation&quot;:&quot;0&quot;}\" data-image-title=\"image-5\" data-image-description=\"\" data-image-caption=\"\" data-large-file=\"https:\/\/i0.wp.com\/tennis-egly.fr\/tennis_uploads\/2024\/07\/image-5.png?fit=680%2C404&amp;ssl=1\" src=\"https:\/\/i0.wp.com\/tennis-egly.fr\/tennis_uploads\/2024\/07\/image-5.png?resize=680%2C404&#038;ssl=1\" alt=\"\" class=\"wp-image-3064\" srcset=\"https:\/\/i0.wp.com\/tennis-egly.fr\/tennis_uploads\/2024\/07\/image-5.png?resize=1024%2C609&amp;ssl=1 1024w, https:\/\/i0.wp.com\/tennis-egly.fr\/tennis_uploads\/2024\/07\/image-5.png?resize=300%2C179&amp;ssl=1 300w, https:\/\/i0.wp.com\/tennis-egly.fr\/tennis_uploads\/2024\/07\/image-5.png?resize=150%2C89&amp;ssl=1 150w, https:\/\/i0.wp.com\/tennis-egly.fr\/tennis_uploads\/2024\/07\/image-5.png?resize=768%2C457&amp;ssl=1 768w, https:\/\/i0.wp.com\/tennis-egly.fr\/tennis_uploads\/2024\/07\/image-5.png?w=1242&amp;ssl=1 1242w\" sizes=\"auto, (max-width: 680px) 100vw, 680px\" \/><\/figure>\n\n\n\n<p>Pour effectuer une r\u00e9servation, vous devez renseigner le noms des 2 joueurs adh\u00e9rents au club. Vous pouvez \u00e9galement jouer avec des personnes non adh\u00e9rentes au club en utilisant des &#8220;tickets invit\u00e9s&#8221;. 5 tickets sont offerts \u00e0 chaque adh\u00e9rents. Des tickets compl\u00e9mentaires peuvent \u00e9galement \u00eatre achet\u00e9s, directement via Ten&#8217;up (<a href=\"https:\/\/tenup.fft.fr\/club\/57910375\/offres\">https:\/\/tenup.fft.fr\/club\/57910375\/offres<\/a>)<\/p>\n\n\n\n<figure class=\"wp-block-image size-large\"><img data-recalc-dims=\"1\" loading=\"lazy\" decoding=\"async\" width=\"680\" height=\"398\" data-attachment-id=\"3065\" data-permalink=\"https:\/\/tennis-egly.fr\/index.php\/reserver-un-court\/image-6\/#main\" data-orig-file=\"https:\/\/i0.wp.com\/tennis-egly.fr\/tennis_uploads\/2024\/07\/image-6.png?fit=1250%2C733&amp;ssl=1\" data-orig-size=\"1250,733\" data-comments-opened=\"0\" data-image-meta=\"{&quot;aperture&quot;:&quot;0&quot;,&quot;credit&quot;:&quot;&quot;,&quot;camera&quot;:&quot;&quot;,&quot;caption&quot;:&quot;&quot;,&quot;created_timestamp&quot;:&quot;0&quot;,&quot;copyright&quot;:&quot;&quot;,&quot;focal_length&quot;:&quot;0&quot;,&quot;iso&quot;:&quot;0&quot;,&quot;shutter_speed&quot;:&quot;0&quot;,&quot;title&quot;:&quot;&quot;,&quot;orientation&quot;:&quot;0&quot;}\" data-image-title=\"image-6\" data-image-description=\"\" data-image-caption=\"\" data-large-file=\"https:\/\/i0.wp.com\/tennis-egly.fr\/tennis_uploads\/2024\/07\/image-6.png?fit=680%2C398&amp;ssl=1\" src=\"https:\/\/i0.wp.com\/tennis-egly.fr\/tennis_uploads\/2024\/07\/image-6.png?resize=680%2C398&#038;ssl=1\" alt=\"\" class=\"wp-image-3065\" srcset=\"https:\/\/i0.wp.com\/tennis-egly.fr\/tennis_uploads\/2024\/07\/image-6.png?resize=1024%2C600&amp;ssl=1 1024w, https:\/\/i0.wp.com\/tennis-egly.fr\/tennis_uploads\/2024\/07\/image-6.png?resize=300%2C176&amp;ssl=1 300w, https:\/\/i0.wp.com\/tennis-egly.fr\/tennis_uploads\/2024\/07\/image-6.png?resize=150%2C88&amp;ssl=1 150w, https:\/\/i0.wp.com\/tennis-egly.fr\/tennis_uploads\/2024\/07\/image-6.png?resize=768%2C450&amp;ssl=1 768w, https:\/\/i0.wp.com\/tennis-egly.fr\/tennis_uploads\/2024\/07\/image-6.png?w=1250&amp;ssl=1 1250w\" sizes=\"auto, (max-width: 680px) 100vw, 680px\" \/><\/figure>\n\n\n\n<p>L&#8217;acc\u00e8s aux terrains couverts est prot\u00e9g\u00e9 par une serrure \u00e0 code. Ce code vous est donn\u00e9 lors de votre adh\u00e9sion.<\/p>\n\n\n\n<h3 class=\"wp-block-heading\">En location horaire<\/h3>\n\n\n\n<p>Depuis la page d&#8217;accueil de Ten&#8217;up, vous pouvez rechercher un terrain \u00e0 louer.<br>Les r\u00e9servations en location sont ouvertes sur des p\u00e9riodes de 3 jours glissantes.<\/p>\n\n\n\n<figure class=\"wp-block-image size-large\"><img data-recalc-dims=\"1\" loading=\"lazy\" decoding=\"async\" width=\"680\" height=\"129\" data-attachment-id=\"3066\" data-permalink=\"https:\/\/tennis-egly.fr\/index.php\/reserver-un-court\/image-7\/#main\" data-orig-file=\"https:\/\/i0.wp.com\/tennis-egly.fr\/tennis_uploads\/2024\/07\/image-7.png?fit=1208%2C230&amp;ssl=1\" data-orig-size=\"1208,230\" data-comments-opened=\"0\" data-image-meta=\"{&quot;aperture&quot;:&quot;0&quot;,&quot;credit&quot;:&quot;&quot;,&quot;camera&quot;:&quot;&quot;,&quot;caption&quot;:&quot;&quot;,&quot;created_timestamp&quot;:&quot;0&quot;,&quot;copyright&quot;:&quot;&quot;,&quot;focal_length&quot;:&quot;0&quot;,&quot;iso&quot;:&quot;0&quot;,&quot;shutter_speed&quot;:&quot;0&quot;,&quot;title&quot;:&quot;&quot;,&quot;orientation&quot;:&quot;0&quot;}\" data-image-title=\"image-7\" data-image-description=\"\" data-image-caption=\"\" data-large-file=\"https:\/\/i0.wp.com\/tennis-egly.fr\/tennis_uploads\/2024\/07\/image-7.png?fit=680%2C129&amp;ssl=1\" src=\"https:\/\/i0.wp.com\/tennis-egly.fr\/tennis_uploads\/2024\/07\/image-7.png?resize=680%2C129&#038;ssl=1\" alt=\"\" class=\"wp-image-3066\" srcset=\"https:\/\/i0.wp.com\/tennis-egly.fr\/tennis_uploads\/2024\/07\/image-7.png?resize=1024%2C195&amp;ssl=1 1024w, https:\/\/i0.wp.com\/tennis-egly.fr\/tennis_uploads\/2024\/07\/image-7.png?resize=300%2C57&amp;ssl=1 300w, https:\/\/i0.wp.com\/tennis-egly.fr\/tennis_uploads\/2024\/07\/image-7.png?resize=150%2C29&amp;ssl=1 150w, https:\/\/i0.wp.com\/tennis-egly.fr\/tennis_uploads\/2024\/07\/image-7.png?resize=768%2C146&amp;ssl=1 768w, https:\/\/i0.wp.com\/tennis-egly.fr\/tennis_uploads\/2024\/07\/image-7.png?w=1208&amp;ssl=1 1208w\" sizes=\"auto, (max-width: 680px) 100vw, 680px\" \/><\/figure>\n<\/div><\/div>\n<\/div><\/div>\n\n\n\n<p>Sur la page de recherche recherchez la ville souhait\u00e9e puis s\u00e9lectionner votre club. Les r\u00e9sultats affich\u00e9s sont filtr\u00e9s en fonction de la la disponibilit\u00e9 des terrains sur la date renseign\u00e9e.<\/p>\n\n\n\n<figure class=\"wp-block-image size-large\"><img data-recalc-dims=\"1\" loading=\"lazy\" decoding=\"async\" width=\"680\" height=\"411\" data-attachment-id=\"3070\" data-permalink=\"https:\/\/tennis-egly.fr\/index.php\/reserver-un-court\/image-11\/#main\" data-orig-file=\"https:\/\/i0.wp.com\/tennis-egly.fr\/tennis_uploads\/2024\/07\/image-11.png?fit=1257%2C760&amp;ssl=1\" data-orig-size=\"1257,760\" data-comments-opened=\"0\" data-image-meta=\"{&quot;aperture&quot;:&quot;0&quot;,&quot;credit&quot;:&quot;&quot;,&quot;camera&quot;:&quot;&quot;,&quot;caption&quot;:&quot;&quot;,&quot;created_timestamp&quot;:&quot;0&quot;,&quot;copyright&quot;:&quot;&quot;,&quot;focal_length&quot;:&quot;0&quot;,&quot;iso&quot;:&quot;0&quot;,&quot;shutter_speed&quot;:&quot;0&quot;,&quot;title&quot;:&quot;&quot;,&quot;orientation&quot;:&quot;0&quot;}\" data-image-title=\"image-11\" data-image-description=\"\" data-image-caption=\"\" data-large-file=\"https:\/\/i0.wp.com\/tennis-egly.fr\/tennis_uploads\/2024\/07\/image-11.png?fit=680%2C411&amp;ssl=1\" src=\"https:\/\/i0.wp.com\/tennis-egly.fr\/tennis_uploads\/2024\/07\/image-11.png?resize=680%2C411&#038;ssl=1\" alt=\"\" class=\"wp-image-3070\" srcset=\"https:\/\/i0.wp.com\/tennis-egly.fr\/tennis_uploads\/2024\/07\/image-11.png?resize=1024%2C619&amp;ssl=1 1024w, https:\/\/i0.wp.com\/tennis-egly.fr\/tennis_uploads\/2024\/07\/image-11.png?resize=300%2C181&amp;ssl=1 300w, https:\/\/i0.wp.com\/tennis-egly.fr\/tennis_uploads\/2024\/07\/image-11.png?resize=150%2C91&amp;ssl=1 150w, https:\/\/i0.wp.com\/tennis-egly.fr\/tennis_uploads\/2024\/07\/image-11.png?resize=768%2C464&amp;ssl=1 768w, https:\/\/i0.wp.com\/tennis-egly.fr\/tennis_uploads\/2024\/07\/image-11.png?w=1257&amp;ssl=1 1257w\" sizes=\"auto, (max-width: 680px) 100vw, 680px\" \/><\/figure>\n\n\n\n<p>Confirmez votre r\u00e9servation via le bouton &#8220;r\u00e9server&#8221;<\/p>\n\n\n\n<figure class=\"wp-block-image size-full\"><img data-recalc-dims=\"1\" loading=\"lazy\" decoding=\"async\" width=\"680\" height=\"333\" data-attachment-id=\"3069\" data-permalink=\"https:\/\/tennis-egly.fr\/index.php\/reserver-un-court\/image-10\/#main\" data-orig-file=\"https:\/\/i0.wp.com\/tennis-egly.fr\/tennis_uploads\/2024\/07\/image-10.png?fit=787%2C385&amp;ssl=1\" data-orig-size=\"787,385\" data-comments-opened=\"0\" data-image-meta=\"{&quot;aperture&quot;:&quot;0&quot;,&quot;credit&quot;:&quot;&quot;,&quot;camera&quot;:&quot;&quot;,&quot;caption&quot;:&quot;&quot;,&quot;created_timestamp&quot;:&quot;0&quot;,&quot;copyright&quot;:&quot;&quot;,&quot;focal_length&quot;:&quot;0&quot;,&quot;iso&quot;:&quot;0&quot;,&quot;shutter_speed&quot;:&quot;0&quot;,&quot;title&quot;:&quot;&quot;,&quot;orientation&quot;:&quot;0&quot;}\" data-image-title=\"image-10\" data-image-description=\"\" data-image-caption=\"\" data-large-file=\"https:\/\/i0.wp.com\/tennis-egly.fr\/tennis_uploads\/2024\/07\/image-10.png?fit=680%2C333&amp;ssl=1\" src=\"https:\/\/i0.wp.com\/tennis-egly.fr\/tennis_uploads\/2024\/07\/image-10.png?resize=680%2C333&#038;ssl=1\" alt=\"\" class=\"wp-image-3069\" srcset=\"https:\/\/i0.wp.com\/tennis-egly.fr\/tennis_uploads\/2024\/07\/image-10.png?w=787&amp;ssl=1 787w, https:\/\/i0.wp.com\/tennis-egly.fr\/tennis_uploads\/2024\/07\/image-10.png?resize=300%2C147&amp;ssl=1 300w, https:\/\/i0.wp.com\/tennis-egly.fr\/tennis_uploads\/2024\/07\/image-10.png?resize=150%2C73&amp;ssl=1 150w, https:\/\/i0.wp.com\/tennis-egly.fr\/tennis_uploads\/2024\/07\/image-10.png?resize=768%2C376&amp;ssl=1 768w\" sizes=\"auto, (max-width: 680px) 100vw, 680px\" \/><\/figure>\n\n\n\n<p>Vous serez alors invit\u00e9 \u00e0 vous connecter sur ten&#8217;up (si vous n&#8217;avez pas de compte, vous pourrez en cr\u00e9er un) afin de finaliser votre r\u00e9servation.<br>Le paiement s&#8217;effectuera directement en ligne via la plateforme HelloAsso.<\/p>\n\n\n\n<p><\/p>\n","protected":false},"excerpt":{"rendered":"<p>Nos terrains sont accessibles \u00e0 nos adh\u00e9rents ou en location horaire (terrains ext\u00e9rieurs uniquement). Les [&hellip;]<\/p>\n","protected":false},"author":2,"featured_media":0,"parent":0,"menu_order":0,"comment_status":"closed","ping_status":"closed","template":"","meta":{"advanced_seo_description":"","jetpack_seo_html_title":"","jetpack_seo_noindex":false,"footnotes":""},"class_list":["post-156","page","type-page","status-publish","hentry"],"jetpack-related-posts":[{"id":214,"url":"https:\/\/tennis-egly.fr\/index.php\/nos-installations\/","url_meta":{"origin":156,"position":0},"title":"Nos installations","author":"Nicolas FOYER","date":"17\/12\/2019","format":false,"excerpt":"Nos installations se situent principalement sur le site de Villelouvette : 2 courts ext\u00e9rieurs \u00e9clair\u00e9s (b\u00e9ton poreux) 2 courts couverts (b\u00e9ton poreux) Club house Nous avons \u00e9galement acc\u00e8s quelques heures par semaine au gymnase - chauff\u00e9 - Jean Chevance de la ville d'\u00c9gly (rue Th\u00e9ophile Le Tiec). Ce dernier est\u2026","rel":"","context":"Article similaire","block_context":{"text":"Article similaire","link":""},"img":{"alt_text":"","src":"https:\/\/i0.wp.com\/tennis-egly.fr\/tennis_uploads\/2025\/07\/Padel-02.jpeg?resize=350%2C200&ssl=1","width":350,"height":200,"srcset":"https:\/\/i0.wp.com\/tennis-egly.fr\/tennis_uploads\/2025\/07\/Padel-02.jpeg?resize=350%2C200&ssl=1 1x, https:\/\/i0.wp.com\/tennis-egly.fr\/tennis_uploads\/2025\/07\/Padel-02.jpeg?resize=525%2C300&ssl=1 1.5x, https:\/\/i0.wp.com\/tennis-egly.fr\/tennis_uploads\/2025\/07\/Padel-02.jpeg?resize=700%2C400&ssl=1 2x, https:\/\/i0.wp.com\/tennis-egly.fr\/tennis_uploads\/2025\/07\/Padel-02.jpeg?resize=1050%2C600&ssl=1 3x, https:\/\/i0.wp.com\/tennis-egly.fr\/tennis_uploads\/2025\/07\/Padel-02.jpeg?resize=1400%2C800&ssl=1 4x"},"classes":[]},{"id":3184,"url":"https:\/\/tennis-egly.fr\/index.php\/tarifs-et-inscriptions\/","url_meta":{"origin":156,"position":1},"title":"Tarifs et inscriptions","author":"Nicolas FOYER","date":"15\/06\/2025","format":false,"excerpt":"Les inscriptions (adh\u00e9sion au club et inscriptions aux cours) s'effectuent lors de trois \u00e9v\u00e9nements majeurs pour notre club : Lors de la f\u00eate du tennis, le 21 juin 2025 Lors de l'assembl\u00e9e g\u00e9n\u00e9rale du club, d\u00e9but septembre 2025 Lors du forum des associations d'\u00c9gly, le 6 septembre 2025 au gymnase\u2026","rel":"","context":"Article similaire","block_context":{"text":"Article similaire","link":""},"img":{"alt_text":"","src":"https:\/\/i0.wp.com\/tennis-egly.fr\/tennis_uploads\/2025\/06\/Formulaire-inscription-2026-img-v1.png?resize=350%2C200&ssl=1","width":350,"height":200,"srcset":"https:\/\/i0.wp.com\/tennis-egly.fr\/tennis_uploads\/2025\/06\/Formulaire-inscription-2026-img-v1.png?resize=350%2C200&ssl=1 1x, https:\/\/i0.wp.com\/tennis-egly.fr\/tennis_uploads\/2025\/06\/Formulaire-inscription-2026-img-v1.png?resize=525%2C300&ssl=1 1.5x"},"classes":[]},{"id":290,"url":"https:\/\/tennis-egly.fr\/index.php\/enseignement-adulte\/","url_meta":{"origin":156,"position":2},"title":"Enseignement adulte","author":"Nicolas FOYER","date":"18\/12\/2019","format":false,"excerpt":"Les cours de tennis se r\u00e9partissent sur 30 s\u00e9ances \u00e0 l\u2019ann\u00e9e, en g\u00e9n\u00e9ral le soir en semaine selon 2 formules : Adultes 1h30 \/ semaine Adultes 3h00 \/ semaine La composition des cours est fix\u00e9e en fonction du niveau et de la disponibilit\u00e9 de chacun des participants (4 \u00e0 6\u2026","rel":"","context":"Article similaire","block_context":{"text":"Article similaire","link":""},"img":{"alt_text":"","src":"","width":0,"height":0},"classes":[]},{"id":1339,"url":"https:\/\/tennis-egly.fr\/index.php\/enseignement-jeune\/","url_meta":{"origin":156,"position":3},"title":"Enseignement jeune","author":"Nicolas FOYER","date":"14\/06\/2020","format":false,"excerpt":"Les cours de tennis se r\u00e9partissent sur 30 s\u00e9ances \u00e0 l'ann\u00e9e selon 3 formules : Initiation (6 ans et moins) : 1h \/ semaine Jeunes 7-10 ans : 1h \/ semaine + 1h30 de plateau p\u00e9dagogique 1 semaine sur 3 Jeunes 11-17 ans : 1h30 \/ semaine + 1h30 de\u2026","rel":"","context":"Article similaire","block_context":{"text":"Article similaire","link":""},"img":{"alt_text":"","src":"","width":0,"height":0},"classes":[]},{"id":296,"url":"https:\/\/tennis-egly.fr\/index.php\/tennis-achat\/","url_meta":{"origin":156,"position":4},"title":"Tennis achat","author":"Nicolas FOYER","date":"18\/12\/2019","format":false,"excerpt":"L'AS Tennis \u00c9gly est\u00a0partenaire du\u00a0magasin Tennis Achat Courtab\u0153uf\u00a0(situ\u00e9\u00a0au\u00a016, rue du z\u00e9phyr - Courtab\u0153uf Est - 91140 Villejust). Notre\u00a0sp\u00e9cialiste tennis propose une large gamme de produits\u00a0et\u00a0services, avec notamment : une remise suppl\u00e9mentaire pour tous les adh\u00e9rents un catalogue complet (plus de 80 marques) une pose de cordage express ou en 24h\u2026","rel":"","context":"Article similaire","block_context":{"text":"Article similaire","link":""},"img":{"alt_text":"","src":"https:\/\/i0.wp.com\/tennis-egly.fr\/tennis_uploads\/2020\/09\/Tennis-achat-01.jpg?resize=350%2C200&ssl=1","width":350,"height":200,"srcset":"https:\/\/i0.wp.com\/tennis-egly.fr\/tennis_uploads\/2020\/09\/Tennis-achat-01.jpg?resize=350%2C200&ssl=1 1x, https:\/\/i0.wp.com\/tennis-egly.fr\/tennis_uploads\/2020\/09\/Tennis-achat-01.jpg?resize=525%2C300&ssl=1 1.5x"},"classes":[]},{"id":281,"url":"https:\/\/tennis-egly.fr\/index.php\/le-bureau\/","url_meta":{"origin":156,"position":5},"title":"Le bureau","author":"Nicolas FOYER","date":"18\/12\/2019","format":false,"excerpt":"Compos\u00e9 de membres passionn\u00e9s et volontaires, nous mettons tout en oeuvre pour permettre \u00e0 tous une pratique du tennis dans un cadre agr\u00e9able et une ambiance conviviale. Les membres du bureau de l'AS \u00c9gly tennis participent activement \u00c0 la promotion du tennis, notamment pour les plus jeunes. \u00c0 la gestion\u2026","rel":"","context":"Article similaire","block_context":{"text":"Article similaire","link":""},"img":{"alt_text":"","src":"","width":0,"height":0},"classes":[]}],"jetpack_sharing_enabled":true,"_links":{"self":[{"href":"https:\/\/tennis-egly.fr\/index.php\/wp-json\/wp\/v2\/pages\/156","targetHints":{"allow":["GET"]}}],"collection":[{"href":"https:\/\/tennis-egly.fr\/index.php\/wp-json\/wp\/v2\/pages"}],"about":[{"href":"https:\/\/tennis-egly.fr\/index.php\/wp-json\/wp\/v2\/types\/page"}],"author":[{"embeddable":true,"href":"https:\/\/tennis-egly.fr\/index.php\/wp-json\/wp\/v2\/users\/2"}],"replies":[{"embeddable":true,"href":"https:\/\/tennis-egly.fr\/index.php\/wp-json\/wp\/v2\/comments?post=156"}],"version-history":[{"count":22,"href":"https:\/\/tennis-egly.fr\/index.php\/wp-json\/wp\/v2\/pages\/156\/revisions"}],"predecessor-version":[{"id":3145,"href":"https:\/\/tennis-egly.fr\/index.php\/wp-json\/wp\/v2\/pages\/156\/revisions\/3145"}],"wp:attachment":[{"href":"https:\/\/tennis-egly.fr\/index.php\/wp-json\/wp\/v2\/media?parent=156"}],"curies":[{"name":"wp","href":"https:\/\/api.w.org\/{rel}","templated":true}]}}