{"id":260,"date":"2019-12-18T11:43:24","date_gmt":"2019-12-18T10:43:24","guid":{"rendered":"https:\/\/tennis-egly.fr\/?page_id=260"},"modified":"2020-04-22T17:12:41","modified_gmt":"2020-04-22T15:12:41","slug":"nous-trouver","status":"publish","type":"page","link":"https:\/\/tennis-egly.fr\/index.php\/nous-trouver\/","title":{"rendered":"Nous trouver"},"content":{"rendered":"\n<div class=\"wp-block-columns is-layout-flex wp-container-core-columns-is-layout-9d6595d7 wp-block-columns-is-layout-flex\">\n<div class=\"wp-block-column is-layout-flow wp-block-column-is-layout-flow\">\n<p style=\"text-align: center;\">Nos installations de Villelouvette<\/p>\n\n\n\n<blockquote class=\"wp-block-quote has-text-align-center is-layout-flow wp-block-quote-is-layout-flow\"><p>Impasse des meuniers<\/p><p>91520, Egly<\/p><\/blockquote>\n\n\n\n<p class=\"has-text-align-center\">Adresse postale<\/p>\n\n\n\n<blockquote class=\"wp-block-quote has-text-align-center is-layout-flow wp-block-quote-is-layout-flow\"><p> AS Egly, section Tennis <\/p><p>23 bis rue Th\u00e9ophile le Tiec <\/p><p>91520, Egly  <\/p><\/blockquote>\n<\/div>\n\n\n\n<div class=\"wp-block-column is-layout-flow wp-block-column-is-layout-flow\">\n<div id=\"wpgmza_map\" class=\"wpgmza_map\" data-settings='{\"id\":\"1\",\"map_title\":\"Installation Villelouvette map\",\"map_width\":\"100\",\"map_height\":\"400\",\"map_start_lat\":\"48.575773\",\"map_start_lng\":\"2.210335\",\"map_start_location\":\"48.57577290669036,2.2103352622182895\",\"map_start_zoom\":\"14\",\"default_marker\":\"0\",\"type\":\"1\",\"alignment\":\"2\",\"directions_enabled\":\"1\",\"styling_enabled\":\"0\",\"styling_json\":\"\",\"active\":\"0\",\"kml\":\"\",\"bicycle\":\"0\",\"traffic\":\"0\",\"dbox\":\"1\",\"dbox_width\":\"100\",\"listmarkers\":\"0\",\"listmarkers_advanced\":\"0\",\"filterbycat\":\"0\",\"ugm_enabled\":\"0\",\"ugm_category_enabled\":\"0\",\"fusion\":\"\",\"map_width_type\":\"\\\\%\",\"map_height_type\":\"px\",\"mass_marker_support\":\"1\",\"ugm_access\":\"0\",\"order_markers_by\":\"1\",\"order_markers_choice\":\"2\",\"show_user_location\":\"0\",\"default_to\":\"\",\"other_settings\":{\"store_locator_enabled\":2,\"store_locator_distance\":2,\"store_locator_default_radius\":10,\"store_locator_not_found_message\":\"No results found in this location. Please try again.\",\"store_locator_bounce\":1,\"store_locator_query_string\":\"Code Postal \\\/ Adresse\",\"store_locator_default_address\":\"\",\"wpgmza_store_locator_restrict\":\"\",\"wpgmza_store_locator_radius_style\":\"modern\",\"map_max_zoom\":\"1\",\"transport_layer\":0,\"wpgmza_show_points_of_interest\":0,\"wpgmza_auto_night\":0}}' data-map-id='1' Data-maps-engine='open-layers' data-shortcode-attributes='{\"id\":\"1\"}' style=\"display:block; overflow:auto; width:100%; height:400px; float:left;\"><\/div>\n<\/div>\n<\/div>\n","protected":false},"excerpt":{"rendered":"<p>Nos installations de Villelouvette Impasse des meuniers 91520, Egly Adresse postale AS Egly, section Tennis [&hellip;]<\/p>\n","protected":false},"author":2,"featured_media":0,"parent":0,"menu_order":0,"comment_status":"closed","ping_status":"closed","template":"template-full-width.php","meta":{"advanced_seo_description":"","jetpack_seo_html_title":"","jetpack_seo_noindex":false,"footnotes":""},"class_list":["post-260","page","type-page","status-publish","hentry"],"jetpack-related-posts":[{"id":94,"url":"https:\/\/tennis-egly.fr\/index.php\/mentions-legales\/","url_meta":{"origin":260,"position":0},"title":"Mentions l\u00e9gales","author":"admin3574","date":"15\/12\/2019","format":false,"excerpt":"CONCEPTION ET R\u00c9ALISATION AS Egly, Section Tennis23 bis, rue Th\u00e9ophile Le Tiec91520 Egly Directeur de Publication :Le Pr\u00e9sident du club de tennis de l'AS Egly Le site internet www.tennis-egly.fr a \u00e9t\u00e9 con\u00e7u et r\u00e9alis\u00e9 par nos comp\u00e9tences internes. H\u00c9BERGEUR OVH SAS au capital de 10 069 020 \u20acRCS Lille M\u00e9tropole\u2026","rel":"","context":"Article similaire","block_context":{"text":"Article similaire","link":""},"img":{"alt_text":"","src":"","width":0,"height":0},"classes":[]},{"id":1563,"url":"https:\/\/tennis-egly.fr\/","url_meta":{"origin":260,"position":1},"title":"Accueil","author":"Nicolas FOYER","date":"04\/10\/2020","format":false,"excerpt":"Edito Par Jean-Marie - 08\/07\/2025 Cr\u00e9\u00e9e dans les ann\u00e9es 1970, la section Tennis de l\u2019Association Sportive d\u2019Egly est situ\u00e9e sur le hameau de Villelouvette de la commune d\u2019Egly. Install\u00e9 dans un espace verdoyant, le club de tennis est dot\u00e9 de 4 courts \u00e9clair\u00e9s en quick, dont 2 sont couverts. En\u2026","rel":"","context":"Article similaire","block_context":{"text":"Article similaire","link":""},"img":{"alt_text":"","src":"","width":0,"height":0},"classes":[]},{"id":635,"url":"https:\/\/tennis-egly.fr\/index.php\/post-archives\/","url_meta":{"origin":260,"position":2},"title":"Tous les articles","author":"Nicolas FOYER","date":"13\/03\/2020","format":false,"excerpt":"","rel":"","context":"Article similaire","block_context":{"text":"Article similaire","link":""},"img":{"alt_text":"","src":"","width":0,"height":0},"classes":[]},{"id":281,"url":"https:\/\/tennis-egly.fr\/index.php\/le-bureau\/","url_meta":{"origin":260,"position":3},"title":"Le bureau","author":"Nicolas FOYER","date":"18\/12\/2019","format":false,"excerpt":"Compos\u00e9 de membres passionn\u00e9s et volontaires, nous mettons tout en oeuvre pour permettre \u00e0 tous une pratique du tennis dans un cadre agr\u00e9able et une ambiance conviviale. Les membres du bureau de l'AS \u00c9gly tennis participent activement \u00c0 la promotion du tennis, notamment pour les plus jeunes. \u00c0 la gestion\u2026","rel":"","context":"Article similaire","block_context":{"text":"Article similaire","link":""},"img":{"alt_text":"","src":"","width":0,"height":0},"classes":[]},{"id":296,"url":"https:\/\/tennis-egly.fr\/index.php\/tennis-achat\/","url_meta":{"origin":260,"position":4},"title":"Tennis achat","author":"Nicolas FOYER","date":"18\/12\/2019","format":false,"excerpt":"L'AS Tennis \u00c9gly est\u00a0partenaire du\u00a0magasin Tennis Achat Courtab\u0153uf\u00a0(situ\u00e9\u00a0au\u00a016, rue du z\u00e9phyr - Courtab\u0153uf Est - 91140 Villejust). Notre\u00a0sp\u00e9cialiste tennis propose une large gamme de produits\u00a0et\u00a0services, avec notamment : une remise suppl\u00e9mentaire pour tous les adh\u00e9rents un catalogue complet (plus de 80 marques) une pose de cordage express ou en 24h\u2026","rel":"","context":"Article similaire","block_context":{"text":"Article similaire","link":""},"img":{"alt_text":"","src":"https:\/\/i0.wp.com\/tennis-egly.fr\/tennis_uploads\/2020\/09\/Tennis-achat-01.jpg?resize=350%2C200&ssl=1","width":350,"height":200,"srcset":"https:\/\/i0.wp.com\/tennis-egly.fr\/tennis_uploads\/2020\/09\/Tennis-achat-01.jpg?resize=350%2C200&ssl=1 1x, https:\/\/i0.wp.com\/tennis-egly.fr\/tennis_uploads\/2020\/09\/Tennis-achat-01.jpg?resize=525%2C300&ssl=1 1.5x"},"classes":[]},{"id":1252,"url":"https:\/\/tennis-egly.fr\/index.php\/nos-entraineurs\/","url_meta":{"origin":260,"position":5},"title":"Nos entra\u00eeneurs","author":"Nicolas FOYER","date":"19\/05\/2020","format":false,"excerpt":"Nos moniteurs diplom\u00e9s d'\u00e9tat Nos assistants moniteurs","rel":"","context":"Article similaire","block_context":{"text":"Article similaire","link":""},"img":{"alt_text":"","src":"","width":0,"height":0},"classes":[]}],"jetpack_sharing_enabled":true,"_links":{"self":[{"href":"https:\/\/tennis-egly.fr\/index.php\/wp-json\/wp\/v2\/pages\/260","targetHints":{"allow":["GET"]}}],"collection":[{"href":"https:\/\/tennis-egly.fr\/index.php\/wp-json\/wp\/v2\/pages"}],"about":[{"href":"https:\/\/tennis-egly.fr\/index.php\/wp-json\/wp\/v2\/types\/page"}],"author":[{"embeddable":true,"href":"https:\/\/tennis-egly.fr\/index.php\/wp-json\/wp\/v2\/users\/2"}],"replies":[{"embeddable":true,"href":"https:\/\/tennis-egly.fr\/index.php\/wp-json\/wp\/v2\/comments?post=260"}],"version-history":[{"count":8,"href":"https:\/\/tennis-egly.fr\/index.php\/wp-json\/wp\/v2\/pages\/260\/revisions"}],"predecessor-version":[{"id":268,"href":"https:\/\/tennis-egly.fr\/index.php\/wp-json\/wp\/v2\/pages\/260\/revisions\/268"}],"wp:attachment":[{"href":"https:\/\/tennis-egly.fr\/index.php\/wp-json\/wp\/v2\/media?parent=260"}],"curies":[{"name":"wp","href":"https:\/\/api.w.org\/{rel}","templated":true}]}}