{"id":290,"date":"2019-12-18T20:44:56","date_gmt":"2019-12-18T19:44:56","guid":{"rendered":"https:\/\/tennis-egly.fr\/?page_id=290"},"modified":"2020-07-02T12:23:11","modified_gmt":"2020-07-02T10:23:11","slug":"enseignement-adulte","status":"publish","type":"page","link":"https:\/\/tennis-egly.fr\/index.php\/enseignement-adulte\/","title":{"rendered":"Enseignement adulte"},"content":{"rendered":"\n<div class=\"wp-block-columns is-layout-flex wp-container-core-columns-is-layout-9d6595d7 wp-block-columns-is-layout-flex\">\n<div class=\"wp-block-column is-layout-flow wp-block-column-is-layout-flow\" style=\"flex-basis:45%\">\n<p>Les cours de tennis se r\u00e9partissent sur 30 s\u00e9ances \u00e0 l\u2019ann\u00e9e, en g\u00e9n\u00e9ral le soir en semaine selon 2 formules :<\/p>\n<ul>\n<li>Adultes 1h30 \/ semaine<\/li>\n<li>Adultes 3h00 \/ semaine<\/li>\n<\/ul>\n<p>La composition des cours est fix\u00e9e en fonction du niveau et de la disponibilit\u00e9 de chacun des participants (4 \u00e0 6 participants par cours).&nbsp;<\/p>\n<p>Dispens\u00e9s par nos moniteurs dipl\u00f4m\u00e9s d&#8217;\u00e9tat, les cours se d\u00e9roulent sur un \u00e0 deux terrains.<\/p>\n<p>Des \u00e9quipes (hommes et femmes) sont \u00e9galement engag\u00e9s en championnat (d&#8217;hiver et d&#8217;\u00e9t\u00e9).<\/p>\n<\/div>\n\n\n\n<div class=\"wp-block-column is-layout-flow wp-block-column-is-layout-flow\">\n<script type=\"text\/javascript\">\r\ndocument.addEventListener(\"DOMContentLoaded\", function(event) { \r\n\tjQuery( '#slider-pro-3-1408' ).sliderPro({\r\n\t\t\/\/width\r\n\t\t\t\twidth: 1000,\r\n\t\t\t\t\r\n\t\t\/\/height\r\n\t\t\t\theight: 600,\r\n\t\t\t\t\r\n\t\t\/\/auto play\r\n\t\t\t\tautoplay:  true,\r\n\t\tautoplayOnHover: 'none',\r\n\t\t\t\t\t\t\t\tautoplayDelay: 5000,\r\n\t\t\r\n\t\t\r\n\t\tarrows: true,\r\n\t\tbuttons: true,\r\n\t\tsmallSize: 500,\r\n\t\tmediumSize: 1000,\r\n\t\tlargeSize: 3000,\r\n\t\tfade: true,\r\n\t\t\r\n\t\t\/\/thumbnail\r\n\t\tthumbnailArrows: true,\r\n\t\tthumbnailWidth: 120,\r\n\t\tthumbnailHeight: 120,\r\n\t\t\t\t\t\tthumbnailsPosition: 'bottom',\r\n\t\t\t\t\t\tcenterImage: true,\r\n\t\timageScaleMode: 'cover',\r\n\t\tallowScaleUp: true,\r\n\t\t\t\tstartSlide: 0,\r\n\t\tloop: true,\r\n\t\tslideDistance: 5,\r\n\t\tautoplayDirection: 'normal',\r\n\t\ttouchSwipe: true,\r\n\t\tfullScreen: true,\r\n\t});\r\n});\r\n<\/script>\r\n\r\n\t\t<div id=\"slider-pro-3-1408\" class=\"slider-pro\">\r\n\t\t\t\r\n\t\t\t<div class=\"sp-slides\">\r\n\t\t\t\t\t\t\t\t\t\t<div class=\"sp-slide\">\r\n\t\t\t\t\t\t\t<img data-recalc-dims=\"1\" decoding=\"async\" class=\"sp-image\" loading=\"lazy\" alt=\"Cours Adultes 01\" src=\"https:\/\/i0.wp.com\/tennis-egly.fr\/ikighans\/ultimate-responsive-image-slider\/assets\/css\/images\/blank.gif?w=680&#038;ssl=1\" data-src=\"https:\/\/i0.wp.com\/tennis-egly.fr\/tennis_uploads\/2020\/06\/Cours-Adultes-01-scaled.jpg?fit=2560%2C1920&#038;ssl=1\" \/>\r\n\r\n\t\t\t\t\t\t\t\r\n\t\t\t\t\t\t\t\t\t\t\t\t\t<\/div>\r\n\t\t\t\t\t\t\t\t\t\t\t\t<div class=\"sp-slide\">\r\n\t\t\t\t\t\t\t<img data-recalc-dims=\"1\" decoding=\"async\" class=\"sp-image\" loading=\"lazy\" alt=\"Grillages tennis 01\" src=\"https:\/\/i0.wp.com\/tennis-egly.fr\/ikighans\/ultimate-responsive-image-slider\/assets\/css\/images\/blank.gif?w=680&#038;ssl=1\" data-src=\"https:\/\/i0.wp.com\/tennis-egly.fr\/tennis_uploads\/2020\/06\/Grillages-tennis-01.jpg?fit=2048%2C1449&#038;ssl=1\" \/>\r\n\r\n\t\t\t\t\t\t\t\r\n\t\t\t\t\t\t\t\t\t\t\t\t\t<\/div>\r\n\t\t\t\t\t\t\t\t\t\t\t\t<div class=\"sp-slide\">\r\n\t\t\t\t\t\t\t<img data-recalc-dims=\"1\" decoding=\"async\" class=\"sp-image\" loading=\"lazy\" alt=\"Cours Adultes 02\" src=\"https:\/\/i0.wp.com\/tennis-egly.fr\/ikighans\/ultimate-responsive-image-slider\/assets\/css\/images\/blank.gif?w=680&#038;ssl=1\" data-src=\"https:\/\/i0.wp.com\/tennis-egly.fr\/tennis_uploads\/2020\/06\/Cours-Adultes-02-scaled.jpg?fit=2560%2C1920&#038;ssl=1\" \/>\r\n\r\n\t\t\t\t\t\t\t\r\n\t\t\t\t\t\t\t\t\t\t\t\t\t<\/div>\r\n\t\t\t\t\t\t\t\t\t<\/div>\r\n\t\t\t\r\n\t\t\t\r\n\t\t\t\t\t\t\r\n\t\t\t<div class=\"sp-thumbnails\">\r\n\t\t\t\t\t\t\t\t\t\t<img data-recalc-dims=\"1\" decoding=\"async\" class=\"sp-thumbnail\" loading=\"lazy\" src=\"https:\/\/i0.wp.com\/tennis-egly.fr\/ikighans\/ultimate-responsive-image-slider\/assets\/img\/loading.gif?w=680&#038;ssl=1\" data-src=\"https:\/\/i0.wp.com\/tennis-egly.fr\/tennis_uploads\/2020\/06\/Cours-Adultes-01-scaled.jpg?fit=300%2C225&#038;ssl=1\" alt=\"Cours Adultes 01\"\/>\r\n\t\t\t\t\t\t\t\t\t\t\t<img data-recalc-dims=\"1\" decoding=\"async\" class=\"sp-thumbnail\" loading=\"lazy\" src=\"https:\/\/i0.wp.com\/tennis-egly.fr\/ikighans\/ultimate-responsive-image-slider\/assets\/img\/loading.gif?w=680&#038;ssl=1\" data-src=\"https:\/\/i0.wp.com\/tennis-egly.fr\/tennis_uploads\/2020\/06\/Grillages-tennis-01.jpg?fit=300%2C212&#038;ssl=1\" alt=\"Grillages tennis 01\"\/>\r\n\t\t\t\t\t\t\t\t\t\t\t<img data-recalc-dims=\"1\" decoding=\"async\" class=\"sp-thumbnail\" loading=\"lazy\" src=\"https:\/\/i0.wp.com\/tennis-egly.fr\/ikighans\/ultimate-responsive-image-slider\/assets\/img\/loading.gif?w=680&#038;ssl=1\" data-src=\"https:\/\/i0.wp.com\/tennis-egly.fr\/tennis_uploads\/2020\/06\/Cours-Adultes-02-scaled.jpg?fit=300%2C225&#038;ssl=1\" alt=\"Cours Adultes 02\"\/>\r\n\t\t\t\t\t\t\t\t<\/div>\r\n\t\t\t\t\t\t\r\n\t\t<\/div>\r\n\t\t<style>\r\n\/* Layout 3 *\/\r\n\/* border *\/\r\n#slider-pro-3-1408 .sp-selected-thumbnail {\r\n\tborder: 4px solid #000000;\r\n}\r\n\r\n\/* font + color *\/\r\n.title-in  {\r\n\tfont-family: Arial !important;\r\n\tcolor: #FFFFFF !important;\r\n\tbackground-color: #000000 !important;\r\n\topacity: 0.7 !important;\r\n}\r\n.desc-in  {\r\n\tfont-family: Arial !important;\r\n\tcolor: #FFFFFF !important;\r\n\tbackground-color: #00000 !important;\r\n\topacity: 0.7 !important;\r\n}\r\n\r\n\/* bullets color *\/\r\n.sp-button  {\r\n\tborder: 2px solid #000000 !important;\r\n}\r\n.sp-selected-button  {\r\n\tbackground-color: #000000 !important;\r\n}\r\n\r\n\/* pointer color - bottom *\/\r\n.sp-selected-thumbnail::before {\r\n\tborder-bottom: 5px solid #000000 !important;\r\n}\r\n.sp-selected-thumbnail::after {\r\n\tborder-bottom: 13px solid #000000 !important;\r\n}\r\n\r\n\/* pointer color - top *\/\r\n\r\n\/* full screen icon *\/\r\n.sp-full-screen-button::before {\r\n    color: #FFFFFF !important;\r\n}\r\n\r\n\/* hover navigation icon color *\/\r\n.sp-next-arrow::after, .sp-next-arrow::before {\r\n\tbackground-color: #FFFFFF !important;\r\n}\r\n.sp-previous-arrow::after, .sp-previous-arrow::before {\r\n\tbackground-color: #FFFFFF !important;\r\n}\r\n\r\n#slider-pro-3-1408 .title-in {\r\n\tcolor: #FFFFFF !important;\r\n\tfont-weight: bolder;\r\n\ttext-align: center;\r\n}\r\n\r\n#slider-pro-3-1408 .title-in-bg {\r\n\tbackground: rgba(255, 255, 255, 0.7); !important;\r\n\twhite-space: unset !important;\r\n\ttransform: initial !important;\r\n\t-webkit-transform: initial !important;\r\n\tfont-size: 14px !important;\r\n}\r\n\r\n#slider-pro-3-1408 .desc-in {\r\n\tcolor: #FFFFFF !important;\r\n\ttext-align: center;\r\n}\r\n#slider-pro-3-1408 .desc-in-bg {\r\n\tbackground: rgba(#00000, 0.7) !important;\r\n\twhite-space: unset !important;\r\n\ttransform: initial !important;\r\n\t-webkit-transform: initial !important;\r\n\tfont-size: 13px !important;\r\n}\r\n\r\n@media (max-width: 640px) {\r\n\t#slider-pro-3-1408 .hide-small-screen {\r\n\t\tdisplay: none;\r\n\t}\r\n}\r\n\r\n@media (max-width: 860px) {\r\n\t#slider-pro-3-1408 .sp-layer {\r\n\t\tfont-size: 18px;\r\n\t}\r\n\t\r\n\t#slider-pro-3-1408 .hide-medium-screen {\r\n\t\tdisplay: none;\r\n\t}\r\n}\r\n.slides-not-found {\r\n\tbackground-color: #a92929;\r\n\tborder-radius: 5px;\r\n\tcolor: #fff;\r\n\tfont-family: initial;\r\n\ttext-align: center;\r\n\tpadding:12px;\r\n}\r\n\/* Custom CSS *\/\r\n<\/style>\r\n\n<\/div>\n<\/div>\n\n\n\n<p><\/p>\n","protected":false},"excerpt":{"rendered":"<p>Les cours de tennis se r\u00e9partissent sur 30 s\u00e9ances \u00e0 l\u2019ann\u00e9e, en g\u00e9n\u00e9ral le soir [&hellip;]<\/p>\n","protected":false},"author":2,"featured_media":0,"parent":0,"menu_order":0,"comment_status":"closed","ping_status":"closed","template":"template-full-width.php","meta":{"advanced_seo_description":"","jetpack_seo_html_title":"","jetpack_seo_noindex":false,"footnotes":""},"class_list":["post-290","page","type-page","status-publish","hentry"],"jetpack-related-posts":[{"id":3184,"url":"https:\/\/tennis-egly.fr\/index.php\/tarifs-et-inscriptions\/","url_meta":{"origin":290,"position":0},"title":"Tarifs et inscriptions","author":"Nicolas FOYER","date":"15\/06\/2025","format":false,"excerpt":"Les inscriptions (adh\u00e9sion au club et inscriptions aux cours) s'effectuent lors de trois \u00e9v\u00e9nements majeurs pour notre club : Lors de la f\u00eate du tennis, le 21 juin 2025 Lors de l'assembl\u00e9e g\u00e9n\u00e9rale du club, d\u00e9but septembre 2025 Lors du forum des associations d'\u00c9gly, le 6 septembre 2025 au gymnase\u2026","rel":"","context":"Article similaire","block_context":{"text":"Article similaire","link":""},"img":{"alt_text":"","src":"https:\/\/i0.wp.com\/tennis-egly.fr\/tennis_uploads\/2025\/06\/Formulaire-inscription-2026-img-v1.png?resize=350%2C200&ssl=1","width":350,"height":200,"srcset":"https:\/\/i0.wp.com\/tennis-egly.fr\/tennis_uploads\/2025\/06\/Formulaire-inscription-2026-img-v1.png?resize=350%2C200&ssl=1 1x, https:\/\/i0.wp.com\/tennis-egly.fr\/tennis_uploads\/2025\/06\/Formulaire-inscription-2026-img-v1.png?resize=525%2C300&ssl=1 1.5x"},"classes":[]},{"id":1339,"url":"https:\/\/tennis-egly.fr\/index.php\/enseignement-jeune\/","url_meta":{"origin":290,"position":1},"title":"Enseignement jeune","author":"Nicolas FOYER","date":"14\/06\/2020","format":false,"excerpt":"Les cours de tennis se r\u00e9partissent sur 30 s\u00e9ances \u00e0 l'ann\u00e9e selon 3 formules : Initiation (6 ans et moins) : 1h \/ semaine Jeunes 7-10 ans : 1h \/ semaine + 1h30 de plateau p\u00e9dagogique 1 semaine sur 3 Jeunes 11-17 ans : 1h30 \/ semaine + 1h30 de\u2026","rel":"","context":"Article similaire","block_context":{"text":"Article similaire","link":""},"img":{"alt_text":"","src":"","width":0,"height":0},"classes":[]},{"id":3104,"url":"https:\/\/tennis-egly.fr\/index.php\/planning-des-cours-2024-2025\/","url_meta":{"origin":290,"position":2},"title":"Planning des cours 2024\/2025","author":"Nicolas FOYER","date":"18\/09\/2024","format":false,"excerpt":"Reprise des cours \u00e0 partir du samedi 21 septembre 2024.","rel":"","context":"Article similaire","block_context":{"text":"Article similaire","link":""},"img":{"alt_text":"","src":"","width":0,"height":0},"classes":[]},{"id":3439,"url":"https:\/\/tennis-egly.fr\/index.php\/planning-des-cours-2025-2026\/","url_meta":{"origin":290,"position":3},"title":"Planning des cours 2025\/2026","author":"Nicolas FOYER","date":"18\/09\/2025","format":false,"excerpt":"Reprise des cours \u00e0 partir du samedi 20 septembre 2025.Des ajustements pourront avoir lieu en d\u00e9but d'ann\u00e9e. Pour toutes demandes compl\u00e9mentaires ou besoins particuliers, n'h\u00e9sitez pas \u00e0 vous rapprocher de votre moniteur lors des premi\u00e8res s\u00e9ances.","rel":"","context":"Article similaire","block_context":{"text":"Article similaire","link":""},"img":{"alt_text":"","src":"","width":0,"height":0},"classes":[]},{"id":214,"url":"https:\/\/tennis-egly.fr\/index.php\/nos-installations\/","url_meta":{"origin":290,"position":4},"title":"Nos installations","author":"Nicolas FOYER","date":"17\/12\/2019","format":false,"excerpt":"Nos installations se situent principalement sur le site de Villelouvette : 2 courts ext\u00e9rieurs \u00e9clair\u00e9s (b\u00e9ton poreux) 2 courts couverts (b\u00e9ton poreux) Club house Nous avons \u00e9galement acc\u00e8s quelques heures par semaine au gymnase - chauff\u00e9 - Jean Chevance de la ville d'\u00c9gly (rue Th\u00e9ophile Le Tiec). Ce dernier est\u2026","rel":"","context":"Article similaire","block_context":{"text":"Article similaire","link":""},"img":{"alt_text":"","src":"https:\/\/i0.wp.com\/tennis-egly.fr\/tennis_uploads\/2025\/07\/Padel-02.jpeg?resize=350%2C200&ssl=1","width":350,"height":200,"srcset":"https:\/\/i0.wp.com\/tennis-egly.fr\/tennis_uploads\/2025\/07\/Padel-02.jpeg?resize=350%2C200&ssl=1 1x, https:\/\/i0.wp.com\/tennis-egly.fr\/tennis_uploads\/2025\/07\/Padel-02.jpeg?resize=525%2C300&ssl=1 1.5x, https:\/\/i0.wp.com\/tennis-egly.fr\/tennis_uploads\/2025\/07\/Padel-02.jpeg?resize=700%2C400&ssl=1 2x, https:\/\/i0.wp.com\/tennis-egly.fr\/tennis_uploads\/2025\/07\/Padel-02.jpeg?resize=1050%2C600&ssl=1 3x, https:\/\/i0.wp.com\/tennis-egly.fr\/tennis_uploads\/2025\/07\/Padel-02.jpeg?resize=1400%2C800&ssl=1 4x"},"classes":[]},{"id":281,"url":"https:\/\/tennis-egly.fr\/index.php\/le-bureau\/","url_meta":{"origin":290,"position":5},"title":"Le bureau","author":"Nicolas FOYER","date":"18\/12\/2019","format":false,"excerpt":"Compos\u00e9 de membres passionn\u00e9s et volontaires, nous mettons tout en oeuvre pour permettre \u00e0 tous une pratique du tennis dans un cadre agr\u00e9able et une ambiance conviviale. Les membres du bureau de l'AS \u00c9gly tennis participent activement \u00c0 la promotion du tennis, notamment pour les plus jeunes. \u00c0 la gestion\u2026","rel":"","context":"Article similaire","block_context":{"text":"Article similaire","link":""},"img":{"alt_text":"","src":"","width":0,"height":0},"classes":[]}],"jetpack_sharing_enabled":true,"_links":{"self":[{"href":"https:\/\/tennis-egly.fr\/index.php\/wp-json\/wp\/v2\/pages\/290","targetHints":{"allow":["GET"]}}],"collection":[{"href":"https:\/\/tennis-egly.fr\/index.php\/wp-json\/wp\/v2\/pages"}],"about":[{"href":"https:\/\/tennis-egly.fr\/index.php\/wp-json\/wp\/v2\/types\/page"}],"author":[{"embeddable":true,"href":"https:\/\/tennis-egly.fr\/index.php\/wp-json\/wp\/v2\/users\/2"}],"replies":[{"embeddable":true,"href":"https:\/\/tennis-egly.fr\/index.php\/wp-json\/wp\/v2\/comments?post=290"}],"version-history":[{"count":9,"href":"https:\/\/tennis-egly.fr\/index.php\/wp-json\/wp\/v2\/pages\/290\/revisions"}],"predecessor-version":[{"id":1437,"href":"https:\/\/tennis-egly.fr\/index.php\/wp-json\/wp\/v2\/pages\/290\/revisions\/1437"}],"wp:attachment":[{"href":"https:\/\/tennis-egly.fr\/index.php\/wp-json\/wp\/v2\/media?parent=290"}],"curies":[{"name":"wp","href":"https:\/\/api.w.org\/{rel}","templated":true}]}}